{"id":5897,"date":"2021-05-01T23:11:57","date_gmt":"2021-05-01T21:11:57","guid":{"rendered":"https:\/\/be.ambaguinee.org\/?page_id=5897"},"modified":"2023-03-24T16:49:36","modified_gmt":"2023-03-24T15:49:36","slug":"missions","status":"publish","type":"page","link":"https:\/\/be.ambaguinee.org\/?page_id=5897","title":{"rendered":"La Mission"},"content":{"rendered":"\n<div class=\"wp-block-image\"><figure class=\"aligncenter size-large\"><img decoding=\"async\" loading=\"lazy\" width=\"1024\" height=\"461\" src=\"https:\/\/be.ambaguinee.org\/wp-content\/uploads\/2021\/05\/Diplomatie-1-1024x461.jpg\" alt=\"\" class=\"wp-image-33673\" srcset=\"https:\/\/be.ambaguinee.org\/wp-content\/uploads\/2021\/05\/Diplomatie-1-1024x461.jpg 1024w, https:\/\/be.ambaguinee.org\/wp-content\/uploads\/2021\/05\/Diplomatie-1-300x135.jpg 300w, https:\/\/be.ambaguinee.org\/wp-content\/uploads\/2021\/05\/Diplomatie-1-768x346.jpg 768w, https:\/\/be.ambaguinee.org\/wp-content\/uploads\/2021\/05\/Diplomatie-1.jpg 1422w\" sizes=\"(max-width: 1024px) 100vw, 1024px\" \/><\/figure><\/div>\n\n\n\n<p><strong>D\u00e9fendre et promouvoir les int\u00e9r\u00eats de la Guin\u00e9e<\/strong>&nbsp;aupr\u00e8s des 3 pays du Benelux, organisations et institutions d\u2019une part, et assurer la protection de nos ressortissants y vivant d\u2019autre part, telle est notre mission.<\/p>\n\n\n\n<p>Promouvoir les&nbsp;<strong>investissements \u00e9trangers en Guin\u00e9e \u00e0 travers des entreprises et soci\u00e9t\u00e9s priv\u00e9es<\/strong>&nbsp;et participer activement \u00e0 la vie sociale de nos ressortissants vivant dans ces 3 pays.<\/p>\n\n\n\n<p>L\u2019Ambassade de R\u00e9publique de Guin\u00e9e \u00e0 Bruxelles , repr\u00e9sente l\u2019\u00c9tat guin\u00e9en aupr\u00e8s des&nbsp;&nbsp;Royaumes de Belgique, des Pays-Bas et du Grand-Duch\u00e9 de Luxembourg ainsi qu\u2019aupr\u00e8s de certaines organisations et institutions internationales \u00e0 savoir : l\u2019Union europ\u00e9enne (UE), le Secr\u00e9tariat G\u00e9n\u00e9ral du Groupe des \u00c9tats d\u2019Afrique, des Cara\u00efbes et du Pacifique (OEACP),&nbsp;&nbsp;l\u2019Organisation Mondiale des Douanes (OMD), la Banque Europ\u00e9enne d\u2019Investissement (BEI), la Cour P\u00e9nale Internationale (CPI), la Cour Internationale de Justice (CIJ) et l\u2019Organisation Internationale pour la lutte contre la Prolif\u00e9ration des Armes Chimiques (OIAC).<\/p>\n\n\n\n<p>Nous veillons au suivi et \u00e0 l\u2019entretien des relations diplomatiques pour la mise en \u0153uvre des Accords et Conventions de coop\u00e9ration conclus entre la R\u00e9publique de Guin\u00e9e et les pays, organisations et institutions relevant de notre juridiction.<\/p>\n\n\n\n<p>Apporter&nbsp;au&nbsp;quotidien assistance \u00e0 nos ressortissants dans les r\u00e8glements de leurs probl\u00e8mes administratifs et sociaux et leurs int\u00e9grations dans ces 3 pays est l\u2019autre volet de notre mission qui nous tient particuli\u00e8rement \u00e0 c\u0153ur et dans lequel l\u2019Ambassade s\u2019investit sans r\u00e9serve.<\/p>\n","protected":false},"excerpt":{"rendered":"<p>D\u00e9fendre et promouvoir les int\u00e9r\u00eats de la Guin\u00e9e&nbsp;aupr\u00e8s des 3 pays du Benelux, organisations et institutions d\u2019une part, et assurer la protection de nos ressortissants y vivant d\u2019autre part, telle est notre mission. Promouvoir les&nbsp;investissements \u00e9trangers en Guin\u00e9e \u00e0 travers des entreprises et soci\u00e9t\u00e9s priv\u00e9es&nbsp;et participer activement \u00e0 la vie sociale de nos ressortissants vivant &hellip;<\/p>\n","protected":false},"author":1,"featured_media":0,"parent":0,"menu_order":0,"comment_status":"closed","ping_status":"closed","template":"","meta":{"footnotes":""},"_links":{"self":[{"href":"https:\/\/be.ambaguinee.org\/index.php?rest_route=\/wp\/v2\/pages\/5897"}],"collection":[{"href":"https:\/\/be.ambaguinee.org\/index.php?rest_route=\/wp\/v2\/pages"}],"about":[{"href":"https:\/\/be.ambaguinee.org\/index.php?rest_route=\/wp\/v2\/types\/page"}],"author":[{"embeddable":true,"href":"https:\/\/be.ambaguinee.org\/index.php?rest_route=\/wp\/v2\/users\/1"}],"replies":[{"embeddable":true,"href":"https:\/\/be.ambaguinee.org\/index.php?rest_route=%2Fwp%2Fv2%2Fcomments&post=5897"}],"version-history":[{"count":7,"href":"https:\/\/be.ambaguinee.org\/index.php?rest_route=\/wp\/v2\/pages\/5897\/revisions"}],"predecessor-version":[{"id":33867,"href":"https:\/\/be.ambaguinee.org\/index.php?rest_route=\/wp\/v2\/pages\/5897\/revisions\/33867"}],"wp:attachment":[{"href":"https:\/\/be.ambaguinee.org\/index.php?rest_route=%2Fwp%2Fv2%2Fmedia&parent=5897"}],"curies":[{"name":"wp","href":"https:\/\/api.w.org\/{rel}","templated":true}]}}