{"id":5900,"date":"2021-05-01T23:15:04","date_gmt":"2021-05-01T21:15:04","guid":{"rendered":"https:\/\/be.ambaguinee.org\/?page_id=5900"},"modified":"2025-08-11T13:13:11","modified_gmt":"2025-08-11T11:13:11","slug":"ambassadeur","status":"publish","type":"page","link":"https:\/\/be.ambaguinee.org\/?page_id=5900","title":{"rendered":"AMBASSADE DE LA REPUBLIQUE DE GUINEE AUPRES DES PAYS DU BENELUX ET DE L&rsquo;UNION EUROPEENNE"},"content":{"rendered":"\n<figure class=\"wp-block-image size-large\"><img decoding=\"async\" loading=\"lazy\" width=\"1024\" height=\"846\" src=\"https:\/\/be.ambaguinee.org\/wp-content\/uploads\/2023\/09\/Siege-AMBAGUI-BRUXELLES-1024x846.jpg\" alt=\"\" class=\"wp-image-41698\" srcset=\"https:\/\/be.ambaguinee.org\/wp-content\/uploads\/2023\/09\/Siege-AMBAGUI-BRUXELLES-1024x846.jpg 1024w, https:\/\/be.ambaguinee.org\/wp-content\/uploads\/2023\/09\/Siege-AMBAGUI-BRUXELLES-300x248.jpg 300w, https:\/\/be.ambaguinee.org\/wp-content\/uploads\/2023\/09\/Siege-AMBAGUI-BRUXELLES-768x635.jpg 768w, https:\/\/be.ambaguinee.org\/wp-content\/uploads\/2023\/09\/Siege-AMBAGUI-BRUXELLES.jpg 1490w\" sizes=\"(max-width: 1024px) 100vw, 1024px\" \/><\/figure>\n\n\n\n<p>L&rsquo;<strong>ambassade de Guin\u00e9e en Belgique<\/strong>&nbsp;ou&nbsp;<strong>ambassade de Guin\u00e9e au Benelux<\/strong>&nbsp;est la repr\u00e9sentation diplomatique de la r\u00e9publique de Guin\u00e9e aupr\u00e8s des&nbsp;<a href=\"https:\/\/fr.wikipedia.org\/wiki\/Benelux\">pays du Benelux<\/a>&nbsp;et aupr\u00e8s de l\u2019<a href=\"https:\/\/fr.wikipedia.org\/wiki\/Union_europ%C3%A9enne\">Union europ\u00e9enne<\/a>. Elle est bas\u00e9e \u00e0 Bruxelles, la capitale du Royaume de Belgique.<\/p>\n\n\n\n<p>De 1980 \u00e0 2024, l&rsquo;Ambassade de Guin\u00e9e \u00e0 Bruxelles a connu neuf (9) Ambassadeurs, dont la derni\u00e8re SE Mme Aissatou Doukour\u00e9. Depuis Novembre 2024, l&rsquo;int\u00e9rim est assum\u00e9 par Monsieur Mory Camara, Charg\u00e9 d&rsquo;Affaires a.i, en attendant la nomination d&rsquo;un nouvel Ambassadeur. <\/p>\n\n\n\n<h2 class=\"wp-block-heading\" id=\"Histoire\">Histoire<\/h2>\n\n\n\n<p>L\u2019Ambassade de la R\u00e9publique de Guin\u00e9e aupr\u00e8s des pays du Benelux et de l\u2019Union europ\u00e9enne a \u00e9t\u00e9 cr\u00e9\u00e9e au d\u00e9but des ann\u00e9es 1980. Elle est l\u2019une des plus importantes missions diplomatiques guin\u00e9enne en raison de sa position strat\u00e9gique, notamment, pour sa coop\u00e9ration avec l\u2019UE qui compte 27 Etats membres.<\/p>\n\n\n\n<p>L\u2019Ambassade assure la gestion et la promotion de plusieurs activit\u00e9s dans le cadre de la coop\u00e9ration bilat\u00e9rale et multilat\u00e9rale. A ce titre, elle couvre, au niveau bilat\u00e9ral, les 3 pays du Benelux, \u00e0 savoir&nbsp;: le Royaume de Belgique, le Royaume des Pays- Bas et le Grand Duch\u00e9 de Luxembourg.<\/p>\n\n\n\n<p>Au niveau multilat\u00e9ral, elle est accr\u00e9dit\u00e9e aupr\u00e8s des organisations et institutions suivantes&nbsp;: l\u2019<a href=\"https:\/\/fr.wikipedia.org\/wiki\/Union_europ%C3%A9enne\">union europ\u00e9enne<\/a>&nbsp;(UE)&nbsp;; l\u2019organisation des Etats d\u2019Afrique, des caraibes et du pacifique (OEACP)&nbsp;; l\u2019organisation mondiale de la douane (OMD) ;la cour p\u00e9nale internationale (CPI)&nbsp;; la cour internationale de justice ;l\u2019organisation internationale pour la lutte contre les armes chimiques (OIAC) et la banque europ\u00e9enne d\u2019investissement (BEI).<\/p>\n\n\n\n<h2 class=\"wp-block-heading\" id=\"Ambassadeurs_de_Guin\u00e9e_en_Belgique\">Ambassadeurs de Guin\u00e9e en Belgique<\/h2>\n\n\n\n<p>L&rsquo;ambassade a connu neuf (9) ambassadeurs qui se sont succ\u00e9d\u00e9 depuis 1980.<\/p>\n\n\n\n<figure class=\"wp-block-table\"><table><tbody><tr><th>N\u00b0<\/th><th>Nom et pr\u00e9noms<\/th><th>titre de fonction<\/th><th>D\u00e9but<\/th><th>Fin<\/th><\/tr><tr><td>01<\/td><td>Nfaly Sangar\u00e9<\/td><td>ambassadeur<\/td><td>1980<\/td><td>1981<\/td><\/tr><tr><td>02<\/td><td>Daouda Kourouma<\/td><td>ambassadeur<\/td><td>1981<\/td><td>1985<\/td><\/tr><tr><td>03<\/td><td>Ibrahima SYLLA<\/td><td>ambassadeur<\/td><td>1985<\/td><td>1989<\/td><\/tr><tr><td>04<\/td><td>Mamadou Bobo CAMARA<\/td><td>ambassadeur<\/td><td>1990<\/td><td>1996<\/td><\/tr><tr><td>05<\/td><td>Naby Moussa SOUMAH<\/td><td>ambassadeur<\/td><td>1996<\/td><td>2000<\/td><\/tr><tr><td>06<\/td><td>Kazaliou BALDE<\/td><td>ambassadeur<\/td><td>2002<\/td><td>2002<\/td><\/tr><tr><td>07<\/td><td>Ahmed Tidiane SAKHO<\/td><td>ambassadeur<\/td><td>2007<\/td><td>2011<\/td><\/tr><tr><td>08<\/td><td>Ousmane Sylla<\/td><td>ambassadeur<\/td><td>2012<\/td><td>4 f\u00e9vrier 2022<\/td><\/tr><tr><td>09<\/td><td>Aissatou Doukour\u00e9<\/td><td>Ambassadeur<\/td><td>Octobre 2022<\/td><td>21 novembre 2024<\/td><\/tr><\/tbody><\/table><\/figure>\n","protected":false},"excerpt":{"rendered":"<p>L&rsquo;ambassade de Guin\u00e9e en Belgique&nbsp;ou&nbsp;ambassade de Guin\u00e9e au Benelux&nbsp;est la repr\u00e9sentation diplomatique de la r\u00e9publique de Guin\u00e9e aupr\u00e8s des&nbsp;pays du Benelux&nbsp;et aupr\u00e8s de l\u2019Union europ\u00e9enne. Elle est bas\u00e9e \u00e0 Bruxelles, la capitale du Royaume de Belgique. De 1980 \u00e0 2024, l&rsquo;Ambassade de Guin\u00e9e \u00e0 Bruxelles a connu neuf (9) Ambassadeurs, dont la derni\u00e8re SE Mme &hellip;<\/p>\n","protected":false},"author":1,"featured_media":0,"parent":0,"menu_order":0,"comment_status":"closed","ping_status":"closed","template":"","meta":{"footnotes":""},"_links":{"self":[{"href":"https:\/\/be.ambaguinee.org\/index.php?rest_route=\/wp\/v2\/pages\/5900"}],"collection":[{"href":"https:\/\/be.ambaguinee.org\/index.php?rest_route=\/wp\/v2\/pages"}],"about":[{"href":"https:\/\/be.ambaguinee.org\/index.php?rest_route=\/wp\/v2\/types\/page"}],"author":[{"embeddable":true,"href":"https:\/\/be.ambaguinee.org\/index.php?rest_route=\/wp\/v2\/users\/1"}],"replies":[{"embeddable":true,"href":"https:\/\/be.ambaguinee.org\/index.php?rest_route=%2Fwp%2Fv2%2Fcomments&post=5900"}],"version-history":[{"count":24,"href":"https:\/\/be.ambaguinee.org\/index.php?rest_route=\/wp\/v2\/pages\/5900\/revisions"}],"predecessor-version":[{"id":42223,"href":"https:\/\/be.ambaguinee.org\/index.php?rest_route=\/wp\/v2\/pages\/5900\/revisions\/42223"}],"wp:attachment":[{"href":"https:\/\/be.ambaguinee.org\/index.php?rest_route=%2Fwp%2Fv2%2Fmedia&parent=5900"}],"curies":[{"name":"wp","href":"https:\/\/api.w.org\/{rel}","templated":true}]}}