{"id":6316,"date":"2021-05-03T00:06:30","date_gmt":"2021-05-02T22:06:30","guid":{"rendered":"https:\/\/be.ambaguinee.org\/?page_id=6316"},"modified":"2025-08-11T13:36:09","modified_gmt":"2025-08-11T11:36:09","slug":"grands-projets-gouvernementaux","status":"publish","type":"page","link":"https:\/\/be.ambaguinee.org\/?page_id=6316","title":{"rendered":"SIMANDOU 2040"},"content":{"rendered":"\n<figure class=\"wp-block-image size-large\"><img decoding=\"async\" loading=\"lazy\" width=\"1024\" height=\"512\" src=\"https:\/\/be.ambaguinee.org\/wp-content\/uploads\/2025\/08\/Design-sans-titre-1-1-1-1024x512.png\" alt=\"\" class=\"wp-image-42226\" srcset=\"https:\/\/be.ambaguinee.org\/wp-content\/uploads\/2025\/08\/Design-sans-titre-1-1-1-1024x512.png 1024w, https:\/\/be.ambaguinee.org\/wp-content\/uploads\/2025\/08\/Design-sans-titre-1-1-1-300x150.png 300w, https:\/\/be.ambaguinee.org\/wp-content\/uploads\/2025\/08\/Design-sans-titre-1-1-1-768x384.png 768w, https:\/\/be.ambaguinee.org\/wp-content\/uploads\/2025\/08\/Design-sans-titre-1-1-1-1536x768.png 1536w, https:\/\/be.ambaguinee.org\/wp-content\/uploads\/2025\/08\/Design-sans-titre-1-1-1-2048x1024.png 2048w\" sizes=\"(max-width: 1024px) 100vw, 1024px\" \/><\/figure>\n\n\n\n<h2 class=\"wp-block-heading\">La vision transformative de \u00ab SIMANDOU 2040 \u00bb<\/h2>\n\n\n\n<p><strong>\u201cSIMANDOU 2040\u201d<\/strong>&nbsp;se pr\u00e9sente comme le programme le plus ambitieux de la Guin\u00e9e, orient\u00e9 exclusivement vers le d\u00e9veloppement socio-\u00e9conomique durable et responsable de la R\u00e9publique de Guin\u00e9e pour les 15 prochaines ann\u00e9es avec le soutien politique et \u00e9conomique des grandes puissances.<\/p>\n\n\n\n<p>Comme l\u2019a dit le&nbsp;<em>Ministre Directeur de Cabinet de la Pr\u00e9sidence en charge du suivi du projet Simandou et de l\u2019\u00e9laboration du programme SIMANDOU 2040, Monsieur Djiba DIAKIT\u00c9<\/em>&nbsp;:<\/p>\n\n\n\n<blockquote class=\"wp-block-quote\">\n<p>\u00ab&nbsp;Conform\u00e9ment \u00e0 la vision du Chef de l\u2019\u00c9tat S.E G\u00e9n\u00e9ral Mamadi DOUMBOUYA, SIMANDOU doit \u00eatre pour la Guin\u00e9e ce que le p\u00e9trole a \u00e9t\u00e9 et est encore aujourd\u2019hui pour les pays arabes producteurs de p\u00e9trole (c\u2019est-\u00e0-dire un catalyseur et un acc\u00e9l\u00e9rateur de la transformation structurelle de l\u2019\u00c9conomie Guin\u00e9enne).&nbsp;\u00bb<\/p>\n<\/blockquote>\n\n\n\n<p>Ces mots r\u00e9sument les ambitions du G\u00e9n\u00e9ral Mamadi Doumbouya pour l\u2019\u00e9mergence de la Guin\u00e9e \u00e0 travers une transformation profonde de notre pays en une terre de richesses et d\u2019innovation, impuls\u00e9e par le Programme&nbsp;<strong>\u201cSIMANDOU 2040\u201d<\/strong>. Cet ambitieux programme, plac\u00e9 au c\u0153ur de la refondation nationale sous l\u2019impulsion de Son Excellence le G\u00e9n\u00e9ral Mamadi Doumbouya, constitue un tournant d\u00e9cisif pour le pays. Il s\u2019agit d\u2019une feuille de route ambitieuse qui place l\u2019ensemble du peuple souverain de Guin\u00e9e au centre des priorit\u00e9s de la gouvernance.<\/p>\n\n\n\n<p><strong>\u201cSIMANDOU 2040\u201d<\/strong>&nbsp;est bien plus qu\u2019un simple programme \u00e9conomique. C\u2019est une volont\u00e9 collective qui forge un nouvel espoir pour la Guin\u00e9e, celui d\u2019un avenir b\u00e2ti sur la prosp\u00e9rit\u00e9 inclusive. Il vise \u00e0 redonner au pays sa place sur l\u2019\u00e9chiquier africain et mondial en valorisant de mani\u00e8re responsable nos richesses naturelles, afin d\u2019en faire un puissant levier de d\u00e9veloppement et d\u2019am\u00e9lioration des conditions de vie des populations. Chaque secteur cl\u00e9 du d\u00e9veloppement est pris en compte pour garantir une transformation structurelle profonde et durable de l\u2019\u00e9conomie guin\u00e9enne.<\/p>\n\n\n\n<h3 class=\"wp-block-heading\">Les piliers autour desquels s\u2019articule ce programme strat\u00e9gique englobent divers secteurs cl\u00e9s de l\u2019\u00e9conomie, \u00e0 savoir :<\/h3>\n\n\n\n<h4 class=\"wp-block-heading\">L\u2019agriculture, l\u2019industrie alimentaire et le commerce : un pilier de croissance<\/h4>\n\n\n\n<p>Avec&nbsp;<strong>\u201cSIMANDOU 2040\u201d<\/strong>&nbsp;la Guin\u00e9e entre dans une nouvelle \u00e8re d\u2019innovation dans l\u2019agro-industrie et le commerce, en misant sur des m\u00e9thodes durables pour am\u00e9liorer la production, promouvoir le commerce et garantir la s\u00e9curit\u00e9 alimentaire. L\u2019objectif est de positionner le pays comme un mod\u00e8le de d\u00e9veloppement agricole durable, contribuant \u00e0 la r\u00e9duction des \u00e9missions de carbone gr\u00e2ce \u00e0 des pratiques respectueuses des normes environnementales. Le d\u00e9ploiement de plusieurs milliers de moissonneuses-batteuses pour la campagne agricole actuelle illustre d\u00e9j\u00e0 ces ambitions, visant \u00e0 faire de la Guin\u00e9e un acteur majeur du \u201cGreen Business\u201d. L\u2019un des d\u00e9fis majeurs pr\u00e9alables est de viabiliser 13 millions d\u2019hectares de terres arables \u00e0 travers le pays. La transformation industrielle est en marche avec un accent particulier sur l\u2019industrialisation, notamment dans le secteur agroalimentaire. \u00c0 travers ce programme, la Guin\u00e9e ambitionne de d\u00e9velopper des infrastructures permettant de d\u00e9senclaver les bassins agricoles, de stimuler la production, mais aussi de favoriser la transformation et la conservation des produits agricoles. Ce pilier vise \u00e0 maximiser la valeur ajout\u00e9e des produits locaux, assurant ainsi leur comp\u00e9titivit\u00e9 sur le march\u00e9 national et international.<\/p>\n\n\n\n<h4 class=\"wp-block-heading\">L\u2019\u00e9ducation et la culture : les fondations de demain<\/h4>\n\n\n\n<p>Le programme place \u00e9galement une forte emphase sur l\u2019\u00e9ducation et la culture \u00e0 travers le concept \u201cSimandou-Academy\u201d, mat\u00e9rialis\u00e9e d\u00e9j\u00e0 par la mise en place du Prytan\u00e9e Militaire de Guin\u00e9e, o\u00f9 de nombreux jeunes \u00e9l\u00e8ves brillants suivent une formation d\u2019excellence. L\u2019id\u00e9e est simple : chaque enfant guin\u00e9en est un acteur de demain. C\u2019est \u00e0 travers une \u00e9ducation de qualit\u00e9, ax\u00e9e sur la promotion des valeurs culturelles et des nouvelles technologies, que la Guin\u00e9e pourra garantir un avenir prosp\u00e8re pour les g\u00e9n\u00e9rations \u00e0 venir. Ce programme engage \u00e9galement la modernisation du syst\u00e8me \u00e9ducatif pour r\u00e9duire les disparit\u00e9s entre les zones rurales et urbaines.<\/p>\n\n\n\n<p>En parall\u00e8le, des infrastructures qui contribuent au \u201cBranding Guin\u00e9e\u201d, tels que le lac r\u00e9cr\u00e9atif Gbssikolo et le parc urbain de Conakry, sont en cours de r\u00e9alisation pour renforcer l\u2019infrastructure touristique et culturelle du pays. Avec en plus un espace comme \u201cCamayenne-Plage\u201d, d\u00e9j\u00e0 op\u00e9rationnel, ces infrastructures t\u00e9moignent des efforts en cours pour faire de la Guin\u00e9e un p\u00f4le d\u2019attraction touristique et culturel. Ces trois sites seront interconnect\u00e9s entre eux, cr\u00e9ant ainsi un r\u00e9seau d\u2019attractions urbaines qui deviendront des cartes postales de Conakry, conform\u00e9ment aux trois objectifs du Branding Guin\u00e9e, \u00e0 savoir :<\/p>\n\n\n\n<ul>\n<li><strong>I \u2013 L\u2019investissement :<\/strong>&nbsp;Attirer les investisseurs pour acc\u00e9l\u00e9rer le d\u00e9veloppement \u00e9conomique irr\u00e9versible de notre pays.<\/li>\n\n\n\n<li><strong>II \u2013 La Culture :<\/strong>&nbsp;Valoriser notre culture, les valeurs de nos anc\u00eatres.<\/li>\n\n\n\n<li><strong>III \u2013 Le tourisme :<\/strong>&nbsp;Faire la promotion de la beaut\u00e9 de notre pays et de la destination Guin\u00e9e.<\/li>\n<\/ul>\n\n\n\n<h4 class=\"wp-block-heading\">Infrastructures, transports et nouvelles technologies : connecter la Guin\u00e9e<\/h4>\n\n\n\n<p>Le d\u00e9veloppement des infrastructures est au c\u0153ur du programme \u201cSIMANDOU 2040\u201d. Parmi les projets phares, il y a la construction de la cit\u00e9 minist\u00e9rielle de Donka, la cit\u00e9 administrative en cours de construction au centre directionnel de Koloma, des centaines de kilom\u00e8tres de routes d\u00e9j\u00e0 r\u00e9alis\u00e9es avec \u00e0 la cl\u00e9 plus de 1000 km de bitumes, le pont de p\u00e9age de 126 m\u00e8tres \u00e0 Tan\u00e8n\u00e8, les \u00e9changeurs, Km36 et Bamb\u00e9to ainsi que des infrastructures sp\u00e9cifiques li\u00e9es au programme Simandou visant \u00e0 d\u00e9senclaver les r\u00e9gions isol\u00e9es et \u00e0 interconnecter l\u2019ensemble du pays. \u00c0 ces infrastructures s\u2019ajoutent l\u2019extension de l\u2019a\u00e9roport Ahmed S\u00e9kou TOUR\u00c9 de Conakry.<\/p>\n\n\n\n<p>Le d\u00e9veloppement du r\u00e9seau de transport permettra non seulement d\u2019am\u00e9liorer la mobilit\u00e9 des populations mais aussi de faciliter le transport des produits agricoles et des biens, posant les bases d\u2019un futur prosp\u00e8re. Des infrastructures solides et modernes sont essentielles pour accompagner le d\u00e9veloppement \u00e9conomique et social de la Guin\u00e9e. C\u2019est pourquoi \u201cSIMANDOU 2040\u201d pr\u00e9voit des investissements massifs dans la construction de routes, de ponts et d\u2019autres infrastructures. En parall\u00e8le, les secteurs des transports et des technologies seront dynamis\u00e9s pour connecter davantage le pays et le rendre plus comp\u00e9titif sur la sc\u00e8ne internationale. Le pr\u00e9sident de la R\u00e9publique, le G\u00e9n\u00e9ral Mamadi Doumbouya a \u00e9galement proc\u00e9d\u00e9 7 mars 2022, \u00e0 la mise \u00e0 la disposition du minist\u00e8re de l\u2019enseignement sup\u00e9rieur, de la recherche scientifique et de l\u2019innovation, de vingt-cinq bus flambants-neufs pour le transport des \u00e9tudiants des universit\u00e9s et instituts publiques.<\/p>\n\n\n\n<h4 class=\"wp-block-heading\">\u00c9conomie, finances et assurance : vers une souverainet\u00e9 financi\u00e8re<\/h4>\n\n\n\n<p>\u201cSIMANDOU 2040\u201d pr\u00e9voit \u00e9galement des initiatives structurantes. L\u2019op\u00e9rationnalisation de la Banque Nationale d\u2019Investissement de Guin\u00e9e (BNIG), avec \u00e0 la cl\u00e9 un nouveau statut, est une r\u00e9forme phare du CNRD dans le domaine de la finance. Avec les efforts de r\u00e9formes et de transformation profonde, la Banque Nationale d\u2019Investissement de Guin\u00e9e a pour objectif majeur de faciliter le cr\u00e9dit et le financement des petites et moyennes entreprises, conform\u00e9ment \u00e0 la vision du Chef de l\u2019\u00c9tat. Cette banque, au-del\u00e0 de son apport stimulant pour le d\u00e9veloppement du secteur priv\u00e9, permettra d\u2019h\u00e9berger des revenus issus du projet Simandou. Cette d\u00e9marche vise \u00e0 renforcer la souverainet\u00e9 financi\u00e8re du pays tout en encourageant le d\u00e9veloppement des banques locales, en Guin\u00e9e et dans la sous-r\u00e9gion ouest-africaine. L\u2019objectif est de construire une \u00e9conomie r\u00e9siliente et diversifi\u00e9e, apte \u00e0 r\u00e9pondre aux d\u00e9fis de demain. \u00c0 travers cet axe, une attention particuli\u00e8re sera port\u00e9e \u00e0 la finance et \u00e0 l\u2019assurance pour garantir \u00e0 chaque citoyen une protection sociale ad\u00e9quate.<\/p>\n\n\n\n<h4 class=\"wp-block-heading\">Sant\u00e9 et bien-\u00eatre : une priorit\u00e9 nationale<\/h4>\n\n\n\n<p>Le programme \u201cSIMANDOU 2040\u201d inclut \u00e9galement des r\u00e9formes et des investissements structurants dans le secteur de la sant\u00e9, avec la construction d\u2019h\u00f4pitaux r\u00e9gionaux pour am\u00e9liorer l\u2019acc\u00e8s aux soins. Ces initiatives visent \u00e0 r\u00e9duire les disparit\u00e9s entre zones urbaines et rurales, assurant une meilleure qualit\u00e9 de vie pour tous les Guin\u00e9ens.<\/p>\n\n\n\n<p>En d\u00e9finitive, le \u201cProgramme Simandou 2040\u201d incarne la vision d\u2019une Guin\u00e9e moderne et prosp\u00e8re et repr\u00e9sente un v\u00e9ritable pont vers la prosp\u00e9rit\u00e9 pour l\u2019ensemble du peuple de Guin\u00e9e. C\u2019est un programme qui repose sur une volont\u00e9 in\u00e9branlable de changement et une d\u00e9termination sans faille \u00e0 b\u00e2tir une Guin\u00e9e plus forte, plus juste et plus innovante.<\/p>\n\n\n\n<h4 class=\"wp-block-heading\">B\u00e2tir une Guin\u00e9e \u00e0 l\u2019avant-garde de l\u2019Afrique<\/h4>\n\n\n\n<p>\u201cSIMANDOU 2040\u201d transcende les r\u00e9formes sectorielles pour offrir une approche int\u00e9gr\u00e9e du d\u00e9veloppement, en renfor\u00e7ant l\u2019agriculture, en modernisant les infrastructures, en formant la jeunesse, et en b\u00e2tissant une \u00e9conomie r\u00e9siliente et diversifi\u00e9e gr\u00e2ce au potentiel minier. Il positionnera la Guin\u00e9e comme un acteur incontournable de l\u2019Afrique de demain, en harmonie avec les d\u00e9fis globaux du changement climatique et du d\u00e9veloppement durable.<\/p>\n\n\n\n<p>Gr\u00e2ce au leadership \u00e9clair\u00e9 du G\u00e9n\u00e9ral Mamadi Doumbouya, la Guin\u00e9e, terre de richesses et d\u2019innovations, se hissera parmi les nations qui fa\u00e7onnent l\u2019avenir du continent africain et au-del\u00e0. Avec un \u00c9tat en refondation et un peuple en action derri\u00e8re son Pr\u00e9sident, la R\u00e9publique de Guin\u00e9e a r\u00e9solument repris son destin en main, pour b\u00e2tir un avenir o\u00f9 chaque citoyen pourra s\u2019\u00e9panouir dans une nation prosp\u00e8re et souveraine.<\/p>\n\n\n<a class=\"wp-block-read-more\" href=\"https:\/\/be.ambaguinee.org\/?page_id=6316\" target=\"_self\">https:\/\/simandou2040.gn\/<span class=\"screen-reader-text\">\u00a0: SIMANDOU 2040<\/span><\/a>\n\n\n<figure class=\"wp-block-image size-full\"><img decoding=\"async\" loading=\"lazy\" width=\"960\" height=\"640\" src=\"https:\/\/be.ambaguinee.org\/wp-content\/uploads\/2025\/08\/IMG_0468.jpeg\" alt=\"\" class=\"wp-image-42227\" srcset=\"https:\/\/be.ambaguinee.org\/wp-content\/uploads\/2025\/08\/IMG_0468.jpeg 960w, https:\/\/be.ambaguinee.org\/wp-content\/uploads\/2025\/08\/IMG_0468-300x200.jpeg 300w, https:\/\/be.ambaguinee.org\/wp-content\/uploads\/2025\/08\/IMG_0468-768x512.jpeg 768w\" sizes=\"(max-width: 960px) 100vw, 960px\" \/><\/figure>\n\n\n\n<figure class=\"wp-block-image size-large\"><img decoding=\"async\" loading=\"lazy\" width=\"1024\" height=\"1024\" src=\"https:\/\/be.ambaguinee.org\/wp-content\/uploads\/2025\/08\/0001simandou_affiche1-1024x1024.jpeg\" alt=\"\" class=\"wp-image-42228\" srcset=\"https:\/\/be.ambaguinee.org\/wp-content\/uploads\/2025\/08\/0001simandou_affiche1-1024x1024.jpeg 1024w, https:\/\/be.ambaguinee.org\/wp-content\/uploads\/2025\/08\/0001simandou_affiche1-300x300.jpeg 300w, https:\/\/be.ambaguinee.org\/wp-content\/uploads\/2025\/08\/0001simandou_affiche1-150x150.jpeg 150w, https:\/\/be.ambaguinee.org\/wp-content\/uploads\/2025\/08\/0001simandou_affiche1-768x768.jpeg 768w, https:\/\/be.ambaguinee.org\/wp-content\/uploads\/2025\/08\/0001simandou_affiche1-60x60.jpeg 60w, https:\/\/be.ambaguinee.org\/wp-content\/uploads\/2025\/08\/0001simandou_affiche1.jpeg 1080w\" sizes=\"(max-width: 1024px) 100vw, 1024px\" \/><\/figure>\n\n\n\n<figure class=\"wp-block-image size-full\"><img decoding=\"async\" loading=\"lazy\" width=\"3508\" height=\"2205\" src=\"https:\/\/be.ambaguinee.org\/wp-content\/uploads\/2025\/08\/ebkbww.png\" alt=\"\" class=\"wp-image-42229\" srcset=\"https:\/\/be.ambaguinee.org\/wp-content\/uploads\/2025\/08\/ebkbww.png 3508w, https:\/\/be.ambaguinee.org\/wp-content\/uploads\/2025\/08\/ebkbww-300x189.png 300w, https:\/\/be.ambaguinee.org\/wp-content\/uploads\/2025\/08\/ebkbww-1024x644.png 1024w\" sizes=\"(max-width: 3508px) 100vw, 3508px\" \/><\/figure>\n","protected":false},"excerpt":{"rendered":"<p>La vision transformative de \u00ab SIMANDOU 2040 \u00bb \u201cSIMANDOU 2040\u201d&nbsp;se pr\u00e9sente comme le programme le plus ambitieux de la Guin\u00e9e, orient\u00e9 exclusivement vers le d\u00e9veloppement socio-\u00e9conomique durable et responsable de la R\u00e9publique de Guin\u00e9e pour les 15 prochaines ann\u00e9es avec le soutien politique et \u00e9conomique des grandes puissances. Comme l\u2019a dit le&nbsp;Ministre Directeur de Cabinet &hellip;<\/p>\n","protected":false},"author":1,"featured_media":0,"parent":0,"menu_order":0,"comment_status":"closed","ping_status":"closed","template":"","meta":{"footnotes":""},"_links":{"self":[{"href":"https:\/\/be.ambaguinee.org\/index.php?rest_route=\/wp\/v2\/pages\/6316"}],"collection":[{"href":"https:\/\/be.ambaguinee.org\/index.php?rest_route=\/wp\/v2\/pages"}],"about":[{"href":"https:\/\/be.ambaguinee.org\/index.php?rest_route=\/wp\/v2\/types\/page"}],"author":[{"embeddable":true,"href":"https:\/\/be.ambaguinee.org\/index.php?rest_route=\/wp\/v2\/users\/1"}],"replies":[{"embeddable":true,"href":"https:\/\/be.ambaguinee.org\/index.php?rest_route=%2Fwp%2Fv2%2Fcomments&post=6316"}],"version-history":[{"count":4,"href":"https:\/\/be.ambaguinee.org\/index.php?rest_route=\/wp\/v2\/pages\/6316\/revisions"}],"predecessor-version":[{"id":42230,"href":"https:\/\/be.ambaguinee.org\/index.php?rest_route=\/wp\/v2\/pages\/6316\/revisions\/42230"}],"wp:attachment":[{"href":"https:\/\/be.ambaguinee.org\/index.php?rest_route=%2Fwp%2Fv2%2Fmedia&parent=6316"}],"curies":[{"name":"wp","href":"https:\/\/api.w.org\/{rel}","templated":true}]}}