{"id":6327,"date":"2021-05-03T00:23:08","date_gmt":"2021-05-02T22:23:08","guid":{"rendered":"https:\/\/be.ambaguinee.org\/?page_id=6327"},"modified":"2023-03-20T23:26:14","modified_gmt":"2023-03-20T22:26:14","slug":"comment-faire-mes-demarches-en-ligne","status":"publish","type":"page","link":"https:\/\/be.ambaguinee.org\/?page_id=6327","title":{"rendered":"Comment faire mes d\u00e9marches en ligne ?"},"content":{"rendered":"\n<figure class=\"wp-block-image size-large\"><img decoding=\"async\" loading=\"lazy\" width=\"1024\" height=\"646\" src=\"https:\/\/be.ambaguinee.org\/wp-content\/uploads\/2023\/03\/CC-Recto-1024x646.png\" alt=\"\" class=\"wp-image-33633\" srcset=\"https:\/\/be.ambaguinee.org\/wp-content\/uploads\/2023\/03\/CC-Recto-1024x646.png 1024w, https:\/\/be.ambaguinee.org\/wp-content\/uploads\/2023\/03\/CC-Recto-300x189.png 300w, https:\/\/be.ambaguinee.org\/wp-content\/uploads\/2023\/03\/CC-Recto-768x485.png 768w, https:\/\/be.ambaguinee.org\/wp-content\/uploads\/2023\/03\/CC-Recto-1536x969.png 1536w, https:\/\/be.ambaguinee.org\/wp-content\/uploads\/2023\/03\/CC-Recto-2048x1292.png 2048w\" sizes=\"(max-width: 1024px) 100vw, 1024px\" \/><\/figure>\n\n\n\n<p><strong>E-KAIDI : Une solution simple, intuitive et s\u00e9curis\u00e9e<\/strong><\/p>\n\n\n\n<p>Pour effectuer vos d\u00e9marches en lignes, veuillez suivre les \u00e9tapes suivantes :<\/p>\n\n\n\n<ul><li>Je me cr\u00e9\u00e9 une adresse mail (Google, Yahoo, ou Hotmail, ou autre) si je n\u2019en ai pas<\/li><li>Je cr\u00e9e mon espace personnel ici :&nbsp;<strong><a href=\"https:\/\/citoyens.ambaguinee.org\/register\">https:\/\/citoyens.ambaguinee.org\/register<\/a><\/strong><ul><li>Pour cela, je saisis mon email et clique sur le bouton \u00ab&nbsp;Recevoir mon code&nbsp;\u00bb<\/li><li>Je me rends dans ma boite mail et copie ou note le code re\u00e7u<\/li><li>Je copie-colle ou saisis dans le champs \u00ab&nbsp;Code de validation&nbsp;\u00bb le code re\u00e7u par mail et clique sur le bouton \u00ab&nbsp;Suivant&nbsp;\u00bb pour continuer<\/li><li>&nbsp;Je saisis mon identifiant (exemple : fatou224) et mon mot de passe et clique sur suivant.<ul><li><strong>NB<\/strong>&nbsp;:&nbsp;Ceux sont ces derniers qui seront \u00e0 utiliser pour se connecter \u00e0 l\u2019espace personnel une fois le compte cr\u00e9\u00e9.<\/li><\/ul><\/li><li>Je renseigne tous les champs obligatoires des diff\u00e9rents formulaires et clique sur le bouton \u00ab&nbsp;Suivant&nbsp;\u00bb pour continuer.<\/li><li>Je joins les justificatifs demand\u00e9s (photo d\u2019identit\u00e9 et pi\u00e8ce d\u2019identit\u00e9).<br><strong>&nbsp; &nbsp; &nbsp;Attention&nbsp;:<\/strong>&nbsp;Toute photo de mauvaise qualit\u00e9 verra les demandes associ\u00e9es rejet\u00e9es.<\/li><li>Je lis et accepte les conditions g\u00e9n\u00e9rales d\u2019utilisation du site et coche la case associ\u00e9e.<\/li><li>Je coche la case du capcha \u00e9galement et clique sur suivant pour continuer<\/li><li>J\u2019arrive sur la page r\u00e9capitulative qui permet de v\u00e9rifier les informations saisies et les modifier si besoin.<\/li><li>Si toutes les informations sont correctes, je clique sur le bouton \u00ab&nbsp;Envoyer&nbsp;\u00bb; sinon je clique sur \u00ab&nbsp;Pr\u00e9c\u00e9dent&nbsp;\u00bb pour corriger le champ souhait\u00e9.<\/li><\/ul><\/li><li>Si cr\u00e9ation de mon compte OK, je me rends sur mon espace personnel&nbsp;<strong><a href=\"https:\/\/citoyens.ambaguinee.org\/secure\/login\">https:\/\/citoyens.ambaguinee.org\/secure\/login<\/a><\/strong>&nbsp;et me connecte en saisissant mon identifiant et mon mot de passe et clique sur \u00ab Se connecter \u00bb<\/li><li>Une fois connect\u00e9 \u00e0 mon espace personnel, je clique sur le bouton \u00ab&nbsp;<strong>Mes d\u00e9marches<\/strong>\u00bb en haut de la page, choisis le type de document souhait\u00e9 et effectue ma demande<\/li><\/ul>\n\n\n\n<ul><li>Pour effectuer une demande:<ul><li>Je remplis tous les champs avec la coche (*),<\/li><li>Joins les justificatifs demand\u00e9s<\/li><li>Choisis le mode de livraison (livraison chez \u00e0 domicile ou retrait en agence)<\/li><li>Paye en ligne par carte bancaire<\/li><li>Coche la case \u00ab&nbsp;Acception conditions g\u00e9n\u00e9rales&nbsp;\u00bb<\/li><li>Et clique sur le bouton \u00ab&nbsp;Envoyer demande&nbsp;\u00bb en bas de la page&nbsp;\u00bb<\/li><\/ul><\/li><li>Je suis ma demande r\u00e9guli\u00e8rement depuis mon espace personnel et par mail<\/li><li>En cas de document soumis redemand\u00e9 par le Consulat, je leur renvoie assez rapidement le document en me connectant \u00e0 mon espace personnel et en joignant le document demand\u00e9<\/li><li>Mon document est livr\u00e9 directement chez moi sous 3 jours si j\u2019ai pay\u00e9 par carte bancaire et choisi la livraison par la poste<\/li><li>Je viens chercher mon document \u00e0 l\u2019Ambassade avec le num\u00e9ro de retrait que j\u2019ai re\u00e7u par mail si j\u2019ai choisi la livraison par retrait.<\/li><\/ul>\n\n\n\n<p><strong>E-KAIDI<\/strong><br>Minist\u00e8re des Affaires Etrang\u00e8res<\/p>\n","protected":false},"excerpt":{"rendered":"<p>E-KAIDI : Une solution simple, intuitive et s\u00e9curis\u00e9e Pour effectuer vos d\u00e9marches en lignes, veuillez suivre les \u00e9tapes suivantes : Je me cr\u00e9\u00e9 une adresse mail (Google, Yahoo, ou Hotmail, ou autre) si je n\u2019en ai pas Je cr\u00e9e mon espace personnel ici :&nbsp;https:\/\/citoyens.ambaguinee.org\/register Pour cela, je saisis mon email et clique sur le bouton &hellip;<\/p>\n","protected":false},"author":1,"featured_media":0,"parent":0,"menu_order":0,"comment_status":"closed","ping_status":"closed","template":"","meta":{"footnotes":""},"_links":{"self":[{"href":"https:\/\/be.ambaguinee.org\/index.php?rest_route=\/wp\/v2\/pages\/6327"}],"collection":[{"href":"https:\/\/be.ambaguinee.org\/index.php?rest_route=\/wp\/v2\/pages"}],"about":[{"href":"https:\/\/be.ambaguinee.org\/index.php?rest_route=\/wp\/v2\/types\/page"}],"author":[{"embeddable":true,"href":"https:\/\/be.ambaguinee.org\/index.php?rest_route=\/wp\/v2\/users\/1"}],"replies":[{"embeddable":true,"href":"https:\/\/be.ambaguinee.org\/index.php?rest_route=%2Fwp%2Fv2%2Fcomments&post=6327"}],"version-history":[{"count":3,"href":"https:\/\/be.ambaguinee.org\/index.php?rest_route=\/wp\/v2\/pages\/6327\/revisions"}],"predecessor-version":[{"id":33634,"href":"https:\/\/be.ambaguinee.org\/index.php?rest_route=\/wp\/v2\/pages\/6327\/revisions\/33634"}],"wp:attachment":[{"href":"https:\/\/be.ambaguinee.org\/index.php?rest_route=%2Fwp%2Fv2%2Fmedia&parent=6327"}],"curies":[{"name":"wp","href":"https:\/\/api.w.org\/{rel}","templated":true}]}}