{"id":7133,"date":"2021-05-06T18:45:58","date_gmt":"2021-05-06T16:45:58","guid":{"rendered":"https:\/\/be.ambaguinee.org\/?page_id=7133"},"modified":"2025-08-11T12:06:56","modified_gmt":"2025-08-11T10:06:56","slug":"lassemblee-nationale","status":"publish","type":"page","link":"https:\/\/be.ambaguinee.org\/?page_id=7133","title":{"rendered":"CONSEIL NATIONAL DE LA TRANSITION (CNT)"},"content":{"rendered":"\n<figure class=\"wp-block-gallery aligncenter has-nested-images columns-default is-cropped wp-block-gallery-1 is-layout-flex wp-block-gallery-is-layout-flex\">\n<figure class=\"wp-block-image size-large\"><img decoding=\"async\" loading=\"lazy\" width=\"714\" height=\"663\" data-id=\"42209\" src=\"https:\/\/be.ambaguinee.org\/wp-content\/uploads\/2025\/08\/Dansa-Kourouma.jpg\" alt=\"\" class=\"wp-image-42209\" srcset=\"https:\/\/be.ambaguinee.org\/wp-content\/uploads\/2025\/08\/Dansa-Kourouma.jpg 714w, https:\/\/be.ambaguinee.org\/wp-content\/uploads\/2025\/08\/Dansa-Kourouma-300x279.jpg 300w, https:\/\/be.ambaguinee.org\/wp-content\/uploads\/2025\/08\/Dansa-Kourouma-280x260.jpg 280w\" sizes=\"(max-width: 714px) 100vw, 714px\" \/><\/figure>\n<\/figure>\n\n\n<a class=\"wp-block-read-more\" href=\"https:\/\/be.ambaguinee.org\/?page_id=7133\" target=\"_self\">https:\/\/cnt.gov.gn\/<span class=\"screen-reader-text\">\u00a0: CONSEIL NATIONAL DE LA TRANSITION (CNT)<\/span><\/a>\n\n\n<p><strong>DATE DE MISE EN PLACE : <\/strong>2021<\/p>\n\n\n\n<p><strong>DUREE\u00a0: <\/strong>Fin de la transition<\/p>\n\n\n\n<p><strong>MEMBRES\u00a0: <\/strong>81 Conseillers<\/p>\n\n\n\n<p>PRESENTATION DU CNT <\/p>\n\n\n\n<p>Le\u00a0<dfn><strong>Conseil national de transition<\/strong><\/dfn>, abr\u00e9g\u00e9\u00a0<strong>CNT<\/strong>, est l&rsquo;organe\u00a0<a href=\"https:\/\/fr.wikipedia.org\/wiki\/Pouvoir_l%C3%A9gislatif\">l\u00e9gislatif<\/a>\u00a0<a href=\"https:\/\/fr.wikipedia.org\/wiki\/Monocam%C3%A9risme\">monocam\u00e9ral<\/a>\u00a0de la\u00a0<a href=\"https:\/\/fr.wikipedia.org\/wiki\/Guin%C3%A9e\">Guin\u00e9e<\/a>\u00a0en remplacement de l&rsquo;<a href=\"https:\/\/fr.wikipedia.org\/wiki\/Assembl%C3%A9e_nationale_(Guin%C3%A9e)\">Assembl\u00e9e nationale<\/a>\u00a0au cours de la p\u00e9riode de transition mise en place par le\u00a0<a href=\"https:\/\/fr.wikipedia.org\/wiki\/Comit%C3%A9_national_du_rassemblement_pour_le_d%C3%A9veloppement\">Comit\u00e9 national du rassemblement pour le d\u00e9veloppement<\/a>\u00a0\u00e0 la suite du\u00a0<a href=\"https:\/\/fr.wikipedia.org\/wiki\/Coup_d%27%C3%89tat_de_2021_en_Guin%C3%A9e\">coup d&rsquo;\u00c9tat de 2021<\/a>.<\/p>\n\n\n\n<h2 class=\"wp-block-heading\" id=\"Attributions\">Attributions<\/h2>\n\n\n\n<p>Selon la&nbsp;<a href=\"https:\/\/fr.wikipedia.org\/wiki\/Charte_de_la_transition_guin%C3%A9enne\">charte de transition<\/a>, le Conseil national de la transition est l\u2019organe l\u00e9gislatif de la transition. Il exerce les pr\u00e9rogatives d\u00e9finies par ladite Charte et explique d&rsquo;avantager au chapitre IV<sup><a href=\"https:\/\/fr.wikipedia.org\/wiki\/Conseil_national_de_la_transition_(Guin%C3%A9e,_2021)#cite_note-5\">[5]<\/a><\/sup>.<\/p>\n\n\n\n<h2 class=\"wp-block-heading\" id=\"Organisation_et_fonctionnement\">Organisation et fonctionnement<\/h2>\n\n\n\n<h3 class=\"wp-block-heading\" id=\"Organisation\">Organisation<\/h3>\n\n\n\n<p>L&rsquo;organe dirigeant du CNT est constitu\u00e9 des repr\u00e9sentants des&nbsp;<a href=\"https:\/\/fr.wikipedia.org\/wiki\/Parti_politique\">partis politiques<\/a>, les fa\u00eeti\u00e8res de la&nbsp;<a href=\"https:\/\/fr.wikipedia.org\/wiki\/Soci%C3%A9t%C3%A9_civile\">soci\u00e9t\u00e9 civile<\/a>, les&nbsp;<a href=\"https:\/\/fr.wikipedia.org\/wiki\/Syndicat_professionnel\">centrales syndicales<\/a>, les&nbsp;<a href=\"https:\/\/fr.wikipedia.org\/wiki\/Organisation_patronale\">organisations patronales<\/a>, les forces de d\u00e9fense et de s\u00e9curit\u00e9, les organisations de d\u00e9fense des droits de l&rsquo;Homme, les organisations des Guin\u00e9ens de l&rsquo;\u00e9tranger, les organisations des femmes, les organisations des jeunesses, les organisations culturelles, les confessions religieuses, les secteurs informels et les m\u00e9tiers, les organisations paysannes, les sages des r\u00e9gions, les personnes vivants avec des handicaps, les organisations socioprofessionnelles, les chambres consulaires, les organisations de presse, et des personnes sans ressources<sup><a href=\"https:\/\/fr.wikipedia.org\/wiki\/Conseil_national_de_la_transition_(Guin%C3%A9e,_2021)#cite_note-6\">[6]<\/a><\/sup>.<\/p>\n\n\n\n<p><strong>Composition du bureau ex\u00e9cutif<\/strong><\/p>\n\n\n\n<figure class=\"wp-block-table\"><table><tbody><tr><th>Fonction<\/th><th>Titulaire<\/th><th>D\u00e9but<\/th><\/tr><tr><td>Pr\u00e9sident<\/td><td><a href=\"https:\/\/fr.wikipedia.org\/wiki\/Dansa_Kourouma\">Dansa Kourouma<\/a><\/td><td>22 janvier 2022<\/td><\/tr><tr><td rowspan=\"2\">Vice-pr\u00e9sidents<\/td><td><em><strong><a href=\"https:\/\/fr.wikipedia.org\/wiki\/Maimouna_Yombouno\">Maimouna Yombouno<\/a><\/strong><\/em><\/td><td>22 janvier 2022<\/td><\/tr><tr><td>Elhad Facinet Seny Sylla<\/td><td>22 janvier 2022<\/td><\/tr><tr><td rowspan=\"4\">Secr\u00e9taires parlementaires<\/td><td>Yamoussa Sidib\u00e9<\/td><td>16 mars 2022<\/td><\/tr><tr><td><a href=\"https:\/\/fr.wikipedia.org\/wiki\/Mory_Dounoh\">Mory Dounoh<\/a><\/td><td>16 mars 2022<\/td><\/tr><tr><td>Maimouna Barry<\/td><td>16 mars 2022<\/td><\/tr><tr><td>Fanta Cont\u00e9<\/td><td>16 mars 2022<\/td><\/tr><\/tbody><\/table><\/figure>\n\n\n\n<p>COMPOSITION DES COMMISSIONS ET MEMBRES<\/p>\n\n\n\n<figure class=\"wp-block-table\"><table><tbody><tr><th>Nom de la commissions<\/th><th>Pr\u00e9sident<\/th><th>Vice-Pr\u00e9sident(e)<\/th><th>Rapporteur<\/th><th>Membres<\/th><\/tr><tr><td>Commission constitution, lois organiques, administration publique et organisation judiciaire<\/td><td><a href=\"https:\/\/fr.wikipedia.org\/wiki\/Mohamed_Aly_Thiam\">Mohamed Aly Thiam<\/a><\/td><td><a href=\"https:\/\/fr.wikipedia.org\/wiki\/Fingui_Camara\">Fingui Camara<\/a><\/td><td><a href=\"https:\/\/fr.wikipedia.org\/wiki\/Jean_Paul_Kotembedouno\">Jean Paul Kotembedouno<\/a><\/td><td><a href=\"https:\/\/fr.wikipedia.org\/wiki\/Abdoulaye_Dima_Dabo\">Abdoulaye Dima Dabo<\/a>,&nbsp;<a href=\"https:\/\/fr.wikipedia.org\/wiki\/Mansa_Moussa_Sidib%C3%A9\">Mansa Moussa Sidib\u00e9<\/a>, Aboubacar Koly Kourouma, Mamadou Bailo Diallo, Abdoulaye Keita, Fatoumata Camara,&nbsp;<a href=\"https:\/\/fr.wikipedia.org\/wiki\/Mamady_Kaba\">Mamady Kaba<\/a>, Sayon Mara, Ahmed Tidiane Sylla,&nbsp;<a href=\"https:\/\/fr.wikipedia.org\/wiki\/Mamadou_Fadia_Bald%C3%A9\">Mamadou Fadia Bald\u00e9<\/a>,&nbsp;<a href=\"https:\/\/fr.wikipedia.org\/wiki\/Fanta_Cont%C3%A9\">Fanta Cont\u00e9<\/a><\/td><\/tr><tr><td>Commission du plan, des affaires financi\u00e8res et du contr\u00f4le budg\u00e9taire<\/td><td><a href=\"https:\/\/fr.wikipedia.org\/wiki\/Hamidou_Camara\">Hamidou Camara<\/a><\/td><td><a href=\"https:\/\/fr.wikipedia.org\/wiki\/Mohamed_Kaba\">Mohamed Kaba<\/a><\/td><td><\/td><td>Maimouna Yombouno,&nbsp;<a href=\"https:\/\/fr.wikipedia.org\/wiki\/Bangaly_Djenessa_Kourouma\">Bangaly Dj\u00e9nassa Kourouma<\/a>, Dr&nbsp;<a href=\"https:\/\/fr.wikipedia.org\/wiki\/Lanc%C3%A9ny_Ch%C3%A9rif\">Lanc\u00e9ny Ch\u00e9rif<\/a>,&nbsp;<a href=\"https:\/\/fr.wikipedia.org\/wiki\/Gilbert_And%C3%A9ga_Camara\">Gilbert And\u00e9ga Camara<\/a>, Ngouamou Fabara Kon\u00e9,&nbsp;<a href=\"https:\/\/fr.wikipedia.org\/wiki\/Andr%C3%A9_Bangoura\">Andr\u00e9 Bangoura<\/a>, Fatou Holo Kaba, Aissatou Diallo, Mohamed Naby Sylla, Mariame Tour\u00e9<\/td><\/tr><tr><td>Commission des affaires \u00e9conomiques et d\u00e9veloppement durable<\/td><td>Dr&nbsp;<a href=\"https:\/\/fr.wikipedia.org\/wiki\/Alpha_Abdoulaye_Diallo\">Alpha Abdoulaye Diallo<\/a><\/td><td>Aissata Camara<\/td><td>Saran Traor\u00e9<\/td><td>Mamady Keita, Aminata Bah, Mohamed Lamine Bangoura, Dr Aissata Mariama Soumah, Aboubacar Mara, Yamoussa Tour\u00e9,&nbsp;<a href=\"https:\/\/fr.wikipedia.org\/wiki\/Hadja_Fatoumata_Yebhe_Bah\">Fatoumata Yebhe Bah<\/a>, Elhadj Lansana Fofana,&nbsp;<a href=\"https:\/\/fr.wikipedia.org\/wiki\/Mama_Sany_B%C3%A9avogui\">Mama Sany B\u00e9avogui<\/a>&nbsp;et&nbsp;<a href=\"https:\/\/fr.wikipedia.org\/wiki\/Bangaly_Ch%C3%A9rif\">Bangaly Ch\u00e9rif<\/a>.<\/td><\/tr><tr><td>Commission d\u00e9fense, paix et s\u00e9curit\u00e9<\/td><td><a href=\"https:\/\/fr.wikipedia.org\/wiki\/P%C3%A9p%C3%A9_Roger_Sagno\">P\u00e9p\u00e9 Roger Sagno<\/a><\/td><td>Mohamed Victor Bangoura<\/td><td>Bademba Bald\u00e9<\/td><td>Amadou Kaba, Commandant de vaisseau Amadou Sow, Laye Bamba Cond\u00e9, Salia Camara, Maimouna Sidib\u00e9, S\u00e9ny Camara et Dorcas Nema Dione<\/td><\/tr><tr><td>Commission affaires \u00e9trang\u00e8res, guin\u00e9ens de l\u2019\u00e9tranger et coop\u00e9ration internationale<\/td><td><a href=\"https:\/\/fr.wikipedia.org\/wiki\/Ibrahima_Sorel_Keita\">Ibrahima Sorel Keita<\/a><\/td><td><a href=\"https:\/\/fr.wikipedia.org\/wiki\/Tiguidank%C3%A9_Traor%C3%A9\">Tiguidank\u00e9 Traor\u00e9<\/a><\/td><td>Dominique Kpogomou<\/td><td><a href=\"https:\/\/fr.wikipedia.org\/wiki\/S%C3%A9ny_Tonamou\">S\u00e9ny Tonamou<\/a>, Abou Kaba,&nbsp;<a href=\"https:\/\/fr.wikipedia.org\/wiki\/Aliou_Badra_Thiam\">Aliou Badra Thiam<\/a>, Maimouna Barry<\/td><\/tr><tr><td>Commission sant\u00e9, \u00e9ducation, affaires social et culturel<\/td><td>Pr&nbsp;<a href=\"https:\/\/fr.wikipedia.org\/wiki\/Hassane_Bah\">Hassane Bah<\/a><\/td><td>Massoud Barry<\/td><td><a href=\"https:\/\/fr.wikipedia.org\/wiki\/S%C3%A9kou_Dor%C3%A9\">S\u00e9kou Dor\u00e9<\/a><\/td><td><a href=\"https:\/\/fr.wikipedia.org\/wiki\/Mamadou_Thug\">Mohamed Lamine Diallo<\/a>,&nbsp;<a href=\"https:\/\/fr.wikipedia.org\/wiki\/Isma%C3%ABl_Kabac%C3%A9_Samoura\">Isma\u00ebl Kabac\u00e9 Samoura<\/a>, Dr Hawa Diakit\u00e9 et m\u00e9decin colonel&nbsp;<a href=\"https:\/\/fr.wikipedia.org\/wiki\/Mohamed_Lamine_Diallo\">Mohamed Lamine Diallo<\/a><\/td><\/tr><tr><td>Commission r\u00e9conciliation, droits humains, justice, communication, information<\/td><td>Elhadj&nbsp;<a href=\"https:\/\/fr.wikipedia.org\/wiki\/Abdoul_Karim_Dioubat%C3%A9\">Abdoul Karim Dioubat\u00e9<\/a><\/td><td>Mgr&nbsp;<a href=\"https:\/\/fr.wikipedia.org\/wiki\/Jacques_Boston\">Jacques Boston<\/a><\/td><td>Asmaou Barry<\/td><td>Kabinet Camara,&nbsp;<a href=\"https:\/\/fr.wikipedia.org\/wiki\/M%27Mahawa_Soumano_Tounkara\">M\u2019mahawa Soumano Tounkara<\/a>, Elhadj&nbsp;<a href=\"https:\/\/fr.wikipedia.org\/wiki\/Amadou_Togba\">Ahmadou Togba<\/a>, Yamoussa Sidib\u00e9 et&nbsp;<a href=\"https:\/\/fr.wikipedia.org\/wiki\/Mory_Dounoh\">Mory Dounoh<\/a><\/td><\/tr><tr><td>Commission sp\u00e9ciale permanente contr\u00f4le comptabilit\u00e9<\/td><td>Hawa Bangoura<\/td><td><em>Aucun<\/em><\/td><td>S\u00e8ne Makhoudia<\/td><td>Aboubacar Sidiki Ciss\u00e9 et Mohamed Fonfo Camara<\/td><\/tr><\/tbody><\/table><\/figure>\n\n\n\n<p><\/p>\n","protected":false},"excerpt":{"rendered":"<p>DATE DE MISE EN PLACE : 2021 DUREE\u00a0: Fin de la transition MEMBRES\u00a0: 81 Conseillers PRESENTATION DU CNT Le\u00a0Conseil national de transition, abr\u00e9g\u00e9\u00a0CNT, est l&rsquo;organe\u00a0l\u00e9gislatif\u00a0monocam\u00e9ral\u00a0de la\u00a0Guin\u00e9e\u00a0en remplacement de l&rsquo;Assembl\u00e9e nationale\u00a0au cours de la p\u00e9riode de transition mise en place par le\u00a0Comit\u00e9 national du rassemblement pour le d\u00e9veloppement\u00a0\u00e0 la suite du\u00a0coup d&rsquo;\u00c9tat de 2021. Attributions Selon &hellip;<\/p>\n","protected":false},"author":1,"featured_media":0,"parent":0,"menu_order":0,"comment_status":"closed","ping_status":"closed","template":"","meta":{"footnotes":""},"_links":{"self":[{"href":"https:\/\/be.ambaguinee.org\/index.php?rest_route=\/wp\/v2\/pages\/7133"}],"collection":[{"href":"https:\/\/be.ambaguinee.org\/index.php?rest_route=\/wp\/v2\/pages"}],"about":[{"href":"https:\/\/be.ambaguinee.org\/index.php?rest_route=\/wp\/v2\/types\/page"}],"author":[{"embeddable":true,"href":"https:\/\/be.ambaguinee.org\/index.php?rest_route=\/wp\/v2\/users\/1"}],"replies":[{"embeddable":true,"href":"https:\/\/be.ambaguinee.org\/index.php?rest_route=%2Fwp%2Fv2%2Fcomments&post=7133"}],"version-history":[{"count":7,"href":"https:\/\/be.ambaguinee.org\/index.php?rest_route=\/wp\/v2\/pages\/7133\/revisions"}],"predecessor-version":[{"id":42211,"href":"https:\/\/be.ambaguinee.org\/index.php?rest_route=\/wp\/v2\/pages\/7133\/revisions\/42211"}],"wp:attachment":[{"href":"https:\/\/be.ambaguinee.org\/index.php?rest_route=%2Fwp%2Fv2%2Fmedia&parent=7133"}],"curies":[{"name":"wp","href":"https:\/\/api.w.org\/{rel}","templated":true}]}}