{"id":8460,"date":"2021-05-19T16:48:46","date_gmt":"2021-05-19T14:48:46","guid":{"rendered":"https:\/\/be.ambaguinee.org\/?page_id=8460"},"modified":"2021-05-19T16:48:46","modified_gmt":"2021-05-19T14:48:46","slug":"documents-consulaires","status":"publish","type":"page","link":"https:\/\/be.ambaguinee.org\/?page_id=8460","title":{"rendered":"Documents Consulaires"},"content":{"rendered":"\n<p>Le Service consulaire de l\u2019Ambassade est ouvert du lundi au vendredi de 09h00 \u00e0 14h30 pour les demandes de visa, de laissez-passer&nbsp; ou de tout autre d\u2019document consulaire.<\/p>\n\n\n\n<p>Le d\u00e9lai de traitement de chaque demande est de 24h \u00e0 compter de la date&nbsp; de d\u00e9p\u00f4t de ladite demande.<\/p>\n\n\n\n<p><strong>1- VISA<\/strong>&nbsp;: Le requ\u00e9rant doit&nbsp; \u00eatre&nbsp; d\u00e9tenteur d\u2019un passeport en cours de validit\u00e9 et muni de deux photos d\u2019identit\u00e9s r\u00e9centes. Il doit remplir un formulaire disponible sur place au service consulaire ou sur internet. Les prix des visas selon la dur\u00e9e sont les suivants&nbsp;:<\/p>\n\n\n\n<ul><li>Visa d\u2019un (1)&nbsp; mois&nbsp;: 70 euros<\/li><li>Visa de plus d\u2019un (1) mois jusqu\u2019\u00e0 trois (3) mois&nbsp;: 87 euros<\/li><li>Visa diplomatique et service&nbsp;: ce type de visa est d\u00e9livr\u00e9 gratuitement au requ\u00e9rant sur la base de la pr\u00e9sentation d\u2019une note verbale et d\u2019un ordre de mission en provenance du service du demandeur.<\/li><\/ul>\n\n\n\n<p><strong>3- PASSEPORT&nbsp;<\/strong>: l\u2019Ambassade ne d\u00e9livre pas de passeport pour le moment. Les demandeurs de ce document sont invit\u00e9s \u00e0 prendre contact avec le Minist\u00e8re de la S\u00e9curit\u00e9 et de la Protection Civile.<\/p>\n\n\n\n<p><strong>2-LAISSEZ-PASSER&nbsp;: <\/strong>Celui-ci est d\u00e9livr\u00e9 sur la base de la pr\u00e9sentation par le requ\u00e9rant, d\u2019un document d\u2019identit\u00e9 guin\u00e9en en cours de validit\u00e9 (passeport, carte d\u2019identit\u00e9 nationale, extrait d\u2019acte de naissance). L\u2019int\u00e9ress\u00e9 doit \u00eatre muni de deux (2) photos d\u2019identit\u00e9s r\u00e9centes&nbsp; et remplir \u00e9galement un formulaire disponible au service consulaire de l\u2019Ambassade.<\/p>\n\n\n\n<p>Le prix d\u2019un laissez-passer et de 45 euros.<\/p>\n\n\n\n<p><strong>3- AUTRES DOCUMENTS CONSULAIRES&nbsp;<\/strong>: certificat de c\u00e9libataire&nbsp;; certificat de nationalit\u00e9&nbsp;; certificat de coutume&nbsp;: pour tous ces documents consulaires, l\u2019Ambassade ne les d\u00e9livre au demandeur que sur la base de la pr\u00e9sentation d\u2019un document d\u2019identit\u00e9 guin\u00e9en en cours de validit\u00e9.<\/p>\n\n\n\n<p>4- <strong>L\u00c9GALISATION&nbsp;: <\/strong>l\u2019Ambassade ne l\u00e9galise pas les documents \u00e9tablis par les services comp\u00e9tents en &nbsp;R\u00e9publique de Guin\u00e9e. Les personnes requ\u00e9rantes sont pri\u00e9es dans ce cadre de prendre attache avec la Direction des Affaires Juridiques et Consulaires du Minist\u00e8re des Affaires Etrang\u00e8res et des Guin\u00e9ens de l\u2019Etranger.<\/p>\n","protected":false},"excerpt":{"rendered":"<p>Le Service consulaire de l\u2019Ambassade est ouvert du lundi au vendredi de 09h00 \u00e0 14h30 pour les demandes de visa, de laissez-passer&nbsp; ou de tout autre d\u2019document consulaire. Le d\u00e9lai de traitement de chaque demande est de 24h \u00e0 compter de la date&nbsp; de d\u00e9p\u00f4t de ladite demande. 1- VISA&nbsp;: Le requ\u00e9rant doit&nbsp; \u00eatre&nbsp; d\u00e9tenteur &hellip;<\/p>\n","protected":false},"author":1,"featured_media":0,"parent":0,"menu_order":0,"comment_status":"closed","ping_status":"closed","template":"","meta":{"footnotes":""},"_links":{"self":[{"href":"https:\/\/be.ambaguinee.org\/index.php?rest_route=\/wp\/v2\/pages\/8460"}],"collection":[{"href":"https:\/\/be.ambaguinee.org\/index.php?rest_route=\/wp\/v2\/pages"}],"about":[{"href":"https:\/\/be.ambaguinee.org\/index.php?rest_route=\/wp\/v2\/types\/page"}],"author":[{"embeddable":true,"href":"https:\/\/be.ambaguinee.org\/index.php?rest_route=\/wp\/v2\/users\/1"}],"replies":[{"embeddable":true,"href":"https:\/\/be.ambaguinee.org\/index.php?rest_route=%2Fwp%2Fv2%2Fcomments&post=8460"}],"version-history":[{"count":1,"href":"https:\/\/be.ambaguinee.org\/index.php?rest_route=\/wp\/v2\/pages\/8460\/revisions"}],"predecessor-version":[{"id":8461,"href":"https:\/\/be.ambaguinee.org\/index.php?rest_route=\/wp\/v2\/pages\/8460\/revisions\/8461"}],"wp:attachment":[{"href":"https:\/\/be.ambaguinee.org\/index.php?rest_route=%2Fwp%2Fv2%2Fmedia&parent=8460"}],"curies":[{"name":"wp","href":"https:\/\/api.w.org\/{rel}","templated":true}]}}